{"id":222,"date":"2021-05-05T10:59:12","date_gmt":"2021-05-05T10:59:12","guid":{"rendered":"https:\/\/surviral.at\/?page_id=222"},"modified":"2021-05-05T10:59:12","modified_gmt":"2021-05-05T10:59:12","slug":"support-me-with-a-coffee","status":"publish","type":"page","link":"https:\/\/surviral.at\/?page_id=222","title":{"rendered":"Support me with a coffee"},"content":{"rendered":"\n<p class=\"has-secondary-color has-text-color\"><a href=\"https:\/\/www.buymeacoffee.com\/pizibo\">https:\/\/www.buymeacoffee.com\/pizibo<\/a><\/p>\n\n\n\n<p>Wenn Dir meine Arbeit gef\u00e4llt w\u00fcrde ich mich freuen, wenn Du mir einen Kaffee spendieren w\u00fcrdest. Vielen Dank im Voraus<br>Bernhard<\/p>\n","protected":false},"excerpt":{"rendered":"<p>https:\/\/www.buymeacoffee.com\/pizibo Wenn Dir meine Arbeit gef\u00e4llt w\u00fcrde ich mich freuen, wenn Du mir einen Kaffee spendieren w\u00fcrdest. Vielen Dank im VorausBernhard<\/p>\n","protected":false},"author":1,"featured_media":0,"parent":0,"menu_order":0,"comment_status":"closed","ping_status":"closed","template":"","meta":{"footnotes":""},"class_list":["post-222","page","type-page","status-publish","hentry"],"_links":{"self":[{"href":"https:\/\/surviral.at\/index.php?rest_route=\/wp\/v2\/pages\/222","targetHints":{"allow":["GET"]}}],"collection":[{"href":"https:\/\/surviral.at\/index.php?rest_route=\/wp\/v2\/pages"}],"about":[{"href":"https:\/\/surviral.at\/index.php?rest_route=\/wp\/v2\/types\/page"}],"author":[{"embeddable":true,"href":"https:\/\/surviral.at\/index.php?rest_route=\/wp\/v2\/users\/1"}],"replies":[{"embeddable":true,"href":"https:\/\/surviral.at\/index.php?rest_route=%2Fwp%2Fv2%2Fcomments&post=222"}],"version-history":[{"count":2,"href":"https:\/\/surviral.at\/index.php?rest_route=\/wp\/v2\/pages\/222\/revisions"}],"predecessor-version":[{"id":224,"href":"https:\/\/surviral.at\/index.php?rest_route=\/wp\/v2\/pages\/222\/revisions\/224"}],"wp:attachment":[{"href":"https:\/\/surviral.at\/index.php?rest_route=%2Fwp%2Fv2%2Fmedia&parent=222"}],"curies":[{"name":"wp","href":"https:\/\/api.w.org\/{rel}","templated":true}]}}